{"id":1214,"date":"2024-11-03T10:23:11","date_gmt":"2024-11-03T09:23:11","guid":{"rendered":"https:\/\/volcano-shop.eu\/cart\/"},"modified":"2026-03-23T14:00:16","modified_gmt":"2026-03-23T13:00:16","slug":"cart","status":"publish","type":"page","link":"https:\/\/volcano-shop.eu\/en\/cart\/","title":{"rendered":"Cart"},"content":{"rendered":"<p>[et_pb_section fb_built=&#8221;1&#8243; _builder_version=&#8221;4.16&#8243; global_colors_info=&#8221;{}&#8221;][et_pb_row _builder_version=&#8221;4.16&#8243; background_size=&#8221;initial&#8221; background_position=&#8221;top_left&#8221; background_repeat=&#8221;repeat&#8221; global_colors_info=&#8221;{}&#8221;][et_pb_column type=&#8221;4_4&#8243; _builder_version=&#8221;4.16&#8243; custom_padding=&#8221;|||&#8221; global_colors_info=&#8221;{}&#8221; custom_padding__hover=&#8221;|||&#8221;][et_pb_post_title meta=&#8221;off&#8221; featured_image=&#8221;off&#8221; _builder_version=&#8221;4.16&#8243; global_colors_info=&#8221;{}&#8221;][\/et_pb_post_title][et_pb_wc_cart_notice _builder_version=&#8221;4.16&#8243; global_colors_info=&#8221;{}&#8221;][\/et_pb_wc_cart_notice][et_pb_wc_cart_products _builder_version=&#8221;4.16&#8243; global_colors_info=&#8221;{}&#8221;][\/et_pb_wc_cart_products][\/et_pb_column][\/et_pb_row][et_pb_row column_structure=&#8221;1_2,1_2&#8243; _builder_version=&#8221;4.16&#8243; background_size=&#8221;initial&#8221; background_position=&#8221;top_left&#8221; background_repeat=&#8221;repeat&#8221; global_colors_info=&#8221;{}&#8221;][et_pb_column type=&#8221;1_2&#8243; _builder_version=&#8221;4.16&#8243; custom_padding=&#8221;|||&#8221; global_colors_info=&#8221;{}&#8221; custom_padding__hover=&#8221;|||&#8221;][et_pb_wc_cross_sells _builder_version=&#8221;4.16&#8243; global_colors_info=&#8221;{}&#8221;][\/et_pb_wc_cross_sells][\/et_pb_column][et_pb_column type=&#8221;1_2&#8243; _builder_version=&#8221;4.16&#8243; custom_padding=&#8221;|||&#8221; global_colors_info=&#8221;{}&#8221; custom_padding__hover=&#8221;|||&#8221;][et_pb_wc_cart_totals _builder_version=&#8221;4.16&#8243; global_colors_info=&#8221;{}&#8221;][\/et_pb_wc_cart_totals][\/et_pb_column][\/et_pb_row][\/et_pb_section]<\/p>\n","protected":false},"excerpt":{"rendered":"","protected":false},"author":1,"featured_media":0,"parent":0,"menu_order":0,"comment_status":"closed","ping_status":"closed","template":"","meta":{"_et_pb_use_builder":"on","_et_pb_old_content":"","_et_gb_content_width":"","footnotes":""},"class_list":["post-1214","page","type-page","status-publish","hentry"],"aioseo_notices":[],"aioseo_head":"\n\t\t<!-- All in One SEO Pro 4.9.6.2 - aioseo.com -->\n\t<meta name=\"description\" content=\"Cart\" \/>\n\t<meta name=\"robots\" content=\"noindex, nofollow, max-snippet:-1, max-image-preview:large, max-video-preview:-1\" \/>\n\t<meta name=\"google-site-verification\" content=\"HT-8Xjeza0SH1TmklOFBNnKaesje0T8ePP8M8YhLyh8\" \/>\n\t<meta name=\"yandex-verification\" content=\"5cafade075375eca\" \/>\n\t<link rel=\"canonical\" href=\"https:\/\/volcano-shop.eu\/en\/cart\/\" \/>\n\t<meta name=\"generator\" content=\"All in One SEO Pro (AIOSEO) 4.9.6.2\" \/>\n\t\t<meta property=\"og:locale\" content=\"en_US\" \/>\n\t\t<meta property=\"og:site_name\" content=\"Volcano Premium Herbstones - CBD Shop\" \/>\n\t\t<meta property=\"og:type\" content=\"article\" \/>\n\t\t<meta property=\"og:title\" content=\"Cart - Volcano Premium Herbstones\" \/>\n\t\t<meta property=\"og:description\" content=\"Cart\" \/>\n\t\t<meta property=\"og:url\" content=\"https:\/\/volcano-shop.eu\/en\/cart\/\" \/>\n\t\t<meta property=\"og:image\" content=\"https:\/\/migration.volcano-shop.eu\/wp-content\/uploads\/2025\/02\/straight-outta-GREECE-2.png\" \/>\n\t\t<meta property=\"og:image:secure_url\" content=\"https:\/\/migration.volcano-shop.eu\/wp-content\/uploads\/2025\/02\/straight-outta-GREECE-2.png\" \/>\n\t\t<meta property=\"article:published_time\" content=\"2024-11-03T09:23:11+00:00\" \/>\n\t\t<meta property=\"article:modified_time\" content=\"2026-03-23T13:00:16+00:00\" \/>\n\t\t<meta name=\"twitter:card\" content=\"summary_large_image\" \/>\n\t\t<meta name=\"twitter:title\" content=\"Cart - Volcano Premium Herbstones\" \/>\n\t\t<meta name=\"twitter:description\" content=\"Cart\" \/>\n\t\t<meta name=\"twitter:image\" content=\"http:\/\/migration.volcano-shop.eu\/wp-content\/uploads\/2025\/02\/straight-outta-GREECE-2.png\" \/>\n\t\t<script type=\"application\/ld+json\" class=\"aioseo-schema\">\n\t\t\t{\"@context\":\"https:\\\/\\\/schema.org\",\"@graph\":[{\"@type\":\"BreadcrumbList\",\"@id\":\"https:\\\/\\\/volcano-shop.eu\\\/en\\\/cart\\\/#breadcrumblist\",\"itemListElement\":[{\"@type\":\"ListItem\",\"@id\":\"https:\\\/\\\/volcano-shop.eu\\\/en\\\/#listItem\",\"position\":1,\"name\":\"Volcano\",\"item\":\"https:\\\/\\\/volcano-shop.eu\\\/en\\\/\",\"nextItem\":{\"@type\":\"ListItem\",\"@id\":\"https:\\\/\\\/volcano-shop.eu\\\/en\\\/cart\\\/#listItem\",\"name\":\"Cart\"}},{\"@type\":\"ListItem\",\"@id\":\"https:\\\/\\\/volcano-shop.eu\\\/en\\\/cart\\\/#listItem\",\"position\":2,\"name\":\"Cart\",\"previousItem\":{\"@type\":\"ListItem\",\"@id\":\"https:\\\/\\\/volcano-shop.eu\\\/en\\\/#listItem\",\"name\":\"Volcano\"}}]},{\"@type\":\"Organization\",\"@id\":\"https:\\\/\\\/volcano-shop.eu\\\/en\\\/#organization\",\"name\":\"Volcano Premium Herbstones\",\"description\":\"Unser Unternehmen steht f\\u00fcr erstklassige Qualit\\u00e4t, Innovation und Kundenzufriedenheit. Wir haben es uns zur Aufgabe gemacht, ein vielf\\u00e4ltiges Sortiment an hochwertigen Bongs, CBD-Produkten, Raucherzubeh\\u00f6r und sonstigen Cannabis-inspirierten Produkten anzubieten. Mit einem starken Fokus auf Qualit\\u00e4t und Nachhaltigkeit arbeiten wir mit renommierten Herstellern und Marken zusammen, um unseren Kunden nur die besten Produkte bereitzustellen. Wir sind mehr als nur ein Online-Shop \\u2013 wir sind eine Community f\\u00fcr Genie\\u00dfer und Liebhaber hochwertiger Lifestyle-Produkte. Ob du nach hochwertigen Bongs, innovativen CBD-Produkten oder exklusiven Snacks suchst \\u2013 bei uns findest du sorgf\\u00e4ltig ausgew\\u00e4hlte Produkte, die h\\u00f6chsten Anspr\\u00fcchen gerecht werden.\",\"url\":\"https:\\\/\\\/volcano-shop.eu\\\/en\\\/\",\"telephone\":\"+491777217948\",\"logo\":{\"@type\":\"ImageObject\",\"url\":\"http:\\\/\\\/migration.volcano-shop.eu\\\/wp-content\\\/uploads\\\/2024\\\/11\\\/logo_long-1.png\",\"@id\":\"https:\\\/\\\/volcano-shop.eu\\\/en\\\/cart\\\/#organizationLogo\"},\"image\":{\"@id\":\"https:\\\/\\\/volcano-shop.eu\\\/en\\\/cart\\\/#organizationLogo\"},\"sameAs\":[\"https:\\\/\\\/www.instagram.com\\\/volcano_premium_herbstones\\\/\",\"https:\\\/\\\/www.tiktok.com\\\/@volcano_premium_herbs\"]},{\"@type\":\"WebPage\",\"@id\":\"https:\\\/\\\/volcano-shop.eu\\\/en\\\/cart\\\/#webpage\",\"url\":\"https:\\\/\\\/volcano-shop.eu\\\/en\\\/cart\\\/\",\"name\":\"Cart - Volcano Premium Herbstones\",\"description\":\"Cart\",\"inLanguage\":\"en-US\",\"isPartOf\":{\"@id\":\"https:\\\/\\\/volcano-shop.eu\\\/en\\\/#website\"},\"breadcrumb\":{\"@id\":\"https:\\\/\\\/volcano-shop.eu\\\/en\\\/cart\\\/#breadcrumblist\"},\"datePublished\":\"2024-11-03T10:23:11+01:00\",\"dateModified\":\"2026-03-23T14:00:16+01:00\"},{\"@type\":\"WebSite\",\"@id\":\"https:\\\/\\\/volcano-shop.eu\\\/en\\\/#website\",\"url\":\"https:\\\/\\\/volcano-shop.eu\\\/en\\\/\",\"name\":\"Volcano Premium Herbstones\",\"description\":\"CBD Shop\",\"inLanguage\":\"en-US\",\"publisher\":{\"@id\":\"https:\\\/\\\/volcano-shop.eu\\\/en\\\/#organization\"}}]}\n\t\t<\/script>\n\t\t<!-- All in One SEO Pro -->\r\n\t\t<title>Cart - Volcano Premium Herbstones<\/title>\n\n","aioseo_head_json":{"title":"Cart - Volcano Premium Herbstones","description":"Cart","canonical_url":"https:\/\/volcano-shop.eu\/en\/cart\/","robots":"noindex, nofollow, max-snippet:-1, max-image-preview:large, max-video-preview:-1","keywords":"","webmasterTools":{"google-site-verification":"HT-8Xjeza0SH1TmklOFBNnKaesje0T8ePP8M8YhLyh8","yandex-verification":"5cafade075375eca","miscellaneous":""},"schema":{"@context":"https:\/\/schema.org","@graph":[{"@type":"BreadcrumbList","@id":"https:\/\/volcano-shop.eu\/en\/cart\/#breadcrumblist","itemListElement":[{"@type":"ListItem","@id":"https:\/\/volcano-shop.eu\/en\/#listItem","position":1,"name":"Volcano","item":"https:\/\/volcano-shop.eu\/en\/","nextItem":{"@type":"ListItem","@id":"https:\/\/volcano-shop.eu\/en\/cart\/#listItem","name":"Cart"}},{"@type":"ListItem","@id":"https:\/\/volcano-shop.eu\/en\/cart\/#listItem","position":2,"name":"Cart","previousItem":{"@type":"ListItem","@id":"https:\/\/volcano-shop.eu\/en\/#listItem","name":"Volcano"}}]},{"@type":"Organization","@id":"https:\/\/volcano-shop.eu\/en\/#organization","name":"Volcano Premium Herbstones","description":"Unser Unternehmen steht f\u00fcr erstklassige Qualit\u00e4t, Innovation und Kundenzufriedenheit. Wir haben es uns zur Aufgabe gemacht, ein vielf\u00e4ltiges Sortiment an hochwertigen Bongs, CBD-Produkten, Raucherzubeh\u00f6r und sonstigen Cannabis-inspirierten Produkten anzubieten. Mit einem starken Fokus auf Qualit\u00e4t und Nachhaltigkeit arbeiten wir mit renommierten Herstellern und Marken zusammen, um unseren Kunden nur die besten Produkte bereitzustellen. Wir sind mehr als nur ein Online-Shop \u2013 wir sind eine Community f\u00fcr Genie\u00dfer und Liebhaber hochwertiger Lifestyle-Produkte. Ob du nach hochwertigen Bongs, innovativen CBD-Produkten oder exklusiven Snacks suchst \u2013 bei uns findest du sorgf\u00e4ltig ausgew\u00e4hlte Produkte, die h\u00f6chsten Anspr\u00fcchen gerecht werden.","url":"https:\/\/volcano-shop.eu\/en\/","telephone":"+491777217948","logo":{"@type":"ImageObject","url":"http:\/\/migration.volcano-shop.eu\/wp-content\/uploads\/2024\/11\/logo_long-1.png","@id":"https:\/\/volcano-shop.eu\/en\/cart\/#organizationLogo"},"image":{"@id":"https:\/\/volcano-shop.eu\/en\/cart\/#organizationLogo"},"sameAs":["https:\/\/www.instagram.com\/volcano_premium_herbstones\/","https:\/\/www.tiktok.com\/@volcano_premium_herbs"]},{"@type":"WebPage","@id":"https:\/\/volcano-shop.eu\/en\/cart\/#webpage","url":"https:\/\/volcano-shop.eu\/en\/cart\/","name":"Cart - Volcano Premium Herbstones","description":"Cart","inLanguage":"en-US","isPartOf":{"@id":"https:\/\/volcano-shop.eu\/en\/#website"},"breadcrumb":{"@id":"https:\/\/volcano-shop.eu\/en\/cart\/#breadcrumblist"},"datePublished":"2024-11-03T10:23:11+01:00","dateModified":"2026-03-23T14:00:16+01:00"},{"@type":"WebSite","@id":"https:\/\/volcano-shop.eu\/en\/#website","url":"https:\/\/volcano-shop.eu\/en\/","name":"Volcano Premium Herbstones","description":"CBD Shop","inLanguage":"en-US","publisher":{"@id":"https:\/\/volcano-shop.eu\/en\/#organization"}}]},"og:locale":"en_US","og:site_name":"Volcano Premium Herbstones - CBD Shop","og:type":"article","og:title":"Cart - Volcano Premium Herbstones","og:description":"Cart","og:url":"https:\/\/volcano-shop.eu\/en\/cart\/","og:image":"https:\/\/migration.volcano-shop.eu\/wp-content\/uploads\/2025\/02\/straight-outta-GREECE-2.png","og:image:secure_url":"https:\/\/migration.volcano-shop.eu\/wp-content\/uploads\/2025\/02\/straight-outta-GREECE-2.png","article:published_time":"2024-11-03T09:23:11+00:00","article:modified_time":"2026-03-23T13:00:16+00:00","twitter:card":"summary_large_image","twitter:title":"Cart - Volcano Premium Herbstones","twitter:description":"Cart","twitter:image":"http:\/\/migration.volcano-shop.eu\/wp-content\/uploads\/2025\/02\/straight-outta-GREECE-2.png"},"aioseo_meta_data":{"post_id":"1214","title":null,"description":null,"keywords":null,"keyphrases":{"focus":{"keyphrase":"","score":0,"analysis":{"keyphraseInTitle":{"score":0,"maxScore":9,"error":1}}},"additional":[]},"primary_term":null,"canonical_url":null,"og_title":null,"og_description":null,"og_object_type":"default","og_image_type":"default","og_image_url":null,"og_image_width":null,"og_image_height":null,"og_image_custom_url":null,"og_image_custom_fields":null,"og_video":"","og_custom_url":null,"og_article_section":null,"og_article_tags":null,"twitter_use_og":false,"twitter_card":"default","twitter_image_type":"default","twitter_image_url":null,"twitter_image_custom_url":null,"twitter_image_custom_fields":null,"twitter_title":null,"twitter_description":null,"schema":{"blockGraphs":[],"customGraphs":[],"default":{"data":{"Article":[],"Course":[],"Dataset":[],"FAQPage":[],"Movie":[],"Person":[],"Product":[],"ProductReview":[],"Car":[],"Recipe":[],"Service":[],"SoftwareApplication":[],"WebPage":[]},"graphName":"WebPage","isEnabled":true},"graphs":[]},"schema_type":"default","schema_type_options":null,"pillar_content":false,"robots_default":false,"robots_noindex":true,"robots_noarchive":false,"robots_nosnippet":false,"robots_nofollow":true,"robots_noimageindex":false,"robots_noodp":false,"robots_notranslate":false,"robots_max_snippet":"-1","robots_max_videopreview":"-1","robots_max_imagepreview":"large","priority":null,"frequency":"default","local_seo":null,"seo_analyzer_scan_date":"2026-03-24 07:00:39","breadcrumb_settings":null,"limit_modified_date":false,"reviewed_by":"0","open_ai":null,"ai":{"faqs":[],"keyPoints":[],"titles":[],"descriptions":[],"socialPosts":{"email":[],"linkedin":[],"twitter":[],"facebook":[],"instagram":[]}},"created":"2025-02-20 19:00:50","updated":"2026-03-24 07:00:39"},"aioseo_breadcrumb":"<div class=\"aioseo-breadcrumbs\"><span class=\"aioseo-breadcrumb\">\n\t<a href=\"https:\/\/volcano-shop.eu\/en\/\" title=\"Volcano\">Volcano<\/a>\n<\/span><span class=\"aioseo-breadcrumb-separator\">\u00bb<\/span><span class=\"aioseo-breadcrumb\">\n\tCart\n<\/span><\/div>","aioseo_breadcrumb_json":[{"label":"Volcano","link":"https:\/\/volcano-shop.eu\/en\/"},{"label":"Cart","link":"https:\/\/volcano-shop.eu\/en\/cart\/"}],"_links":{"self":[{"href":"https:\/\/volcano-shop.eu\/en\/wp-json\/wp\/v2\/pages\/1214","targetHints":{"allow":["GET"]}}],"collection":[{"href":"https:\/\/volcano-shop.eu\/en\/wp-json\/wp\/v2\/pages"}],"about":[{"href":"https:\/\/volcano-shop.eu\/en\/wp-json\/wp\/v2\/types\/page"}],"author":[{"embeddable":true,"href":"https:\/\/volcano-shop.eu\/en\/wp-json\/wp\/v2\/users\/1"}],"replies":[{"embeddable":true,"href":"https:\/\/volcano-shop.eu\/en\/wp-json\/wp\/v2\/comments?post=1214"}],"version-history":[{"count":2,"href":"https:\/\/volcano-shop.eu\/en\/wp-json\/wp\/v2\/pages\/1214\/revisions"}],"predecessor-version":[{"id":5951,"href":"https:\/\/volcano-shop.eu\/en\/wp-json\/wp\/v2\/pages\/1214\/revisions\/5951"}],"wp:attachment":[{"href":"https:\/\/volcano-shop.eu\/en\/wp-json\/wp\/v2\/media?parent=1214"}],"curies":[{"name":"wp","href":"https:\/\/api.w.org\/{rel}","templated":true}]}}